{"id":84,"date":"2026-02-04T16:26:56","date_gmt":"2026-02-04T16:26:56","guid":{"rendered":"http:\/\/rocksigniert.de\/?page_id=84"},"modified":"2026-02-04T16:31:37","modified_gmt":"2026-02-04T16:31:37","slug":"ausstellungen","status":"publish","type":"page","link":"http:\/\/rocksigniert.de\/?page_id=84","title":{"rendered":"Ausstellungen"},"content":{"rendered":"\n<p class=\"has-medium-font-size\">N\u00e4chste Ausstellung<\/p>\n\n\n\n<p class=\"has-medium-font-size\"><strong>Art Kapella Schkeuditz<\/strong><a href=\"https:\/\/maps.app.goo.gl\/w6FgH7msx3p34U789\"><br>Teichstra\u00dfe 7, 04435 Schkeuditz<br><\/a>19.04. bis 31.05.2026<\/p>\n\n\n\n<figure class=\"wp-block-image size-full is-resized\"><img loading=\"lazy\" decoding=\"async\" width=\"583\" height=\"413\" src=\"http:\/\/rocksigniert.de\/wp-content\/uploads\/2021\/01\/Auengalerie_2024.jpg\" alt=\"\" class=\"wp-image-1361\" style=\"width:272px;height:auto\" srcset=\"http:\/\/rocksigniert.de\/wp-content\/uploads\/2021\/01\/Auengalerie_2024.jpg 583w, http:\/\/rocksigniert.de\/wp-content\/uploads\/2021\/01\/Auengalerie_2024-300x213.jpg 300w, http:\/\/rocksigniert.de\/wp-content\/uploads\/2021\/01\/Auengalerie_2024-100x70.jpg 100w\" sizes=\"auto, (max-width: 583px) 100vw, 583px\" \/><\/figure>\n\n\n\n<div class=\"wp-block-columns is-layout-flex wp-container-core-columns-is-layout-9d6595d7 wp-block-columns-is-layout-flex\">\n<div class=\"wp-block-column is-layout-flow wp-block-column-is-layout-flow\" style=\"flex-basis:100%\">\n<figure class=\"wp-block-gallery has-nested-images columns-default wp-block-gallery-1 is-layout-flex wp-block-gallery-is-layout-flex\">\n<figure class=\"wp-block-image size-large\"><img loading=\"lazy\" decoding=\"async\" width=\"875\" height=\"621\" data-id=\"1351\" src=\"http:\/\/rocksigniert.de\/wp-content\/uploads\/2023\/08\/Nacht_der_Kunst_2023_Mocker.jpg\" alt=\"\" class=\"wp-image-1351\" srcset=\"http:\/\/rocksigniert.de\/wp-content\/uploads\/2023\/08\/Nacht_der_Kunst_2023_Mocker.jpg 875w, http:\/\/rocksigniert.de\/wp-content\/uploads\/2023\/08\/Nacht_der_Kunst_2023_Mocker-300x213.jpg 300w, http:\/\/rocksigniert.de\/wp-content\/uploads\/2023\/08\/Nacht_der_Kunst_2023_Mocker-768x545.jpg 768w, http:\/\/rocksigniert.de\/wp-content\/uploads\/2023\/08\/Nacht_der_Kunst_2023_Mocker-100x70.jpg 100w\" sizes=\"auto, (max-width: 875px) 100vw, 875px\" \/><\/figure>\n\n\n\n<figure class=\"wp-block-image size-large\"><img loading=\"lazy\" decoding=\"async\" width=\"874\" height=\"620\" data-id=\"1352\" src=\"http:\/\/rocksigniert.de\/wp-content\/uploads\/2023\/08\/XX_Auengalerie_2023.jpg\" alt=\"\" class=\"wp-image-1352\" srcset=\"http:\/\/rocksigniert.de\/wp-content\/uploads\/2023\/08\/XX_Auengalerie_2023.jpg 874w, http:\/\/rocksigniert.de\/wp-content\/uploads\/2023\/08\/XX_Auengalerie_2023-300x213.jpg 300w, http:\/\/rocksigniert.de\/wp-content\/uploads\/2023\/08\/XX_Auengalerie_2023-768x545.jpg 768w, http:\/\/rocksigniert.de\/wp-content\/uploads\/2023\/08\/XX_Auengalerie_2023-100x70.jpg 100w\" sizes=\"auto, (max-width: 874px) 100vw, 874px\" \/><\/figure>\n<\/figure>\n<\/div>\n<\/div>\n\n\n\n<p>\u2014&nbsp;<strong>05. bis 12. September<\/strong>&nbsp;2021<\/p>\n\n\n\n<p><strong>AUENGALERIE<\/strong><br>im&nbsp;<strong><a rel=\"noreferrer noopener\" href=\"http:\/\/www.schloss-luetzschena.de\/\" target=\"_blank\">Marstall L\u00fctzschena<\/a><\/strong><\/p>\n\n\n\n<figure class=\"wp-block-gallery has-nested-images columns-8 is-cropped wp-block-gallery-2 is-layout-flex wp-block-gallery-is-layout-flex\">\n<figure class=\"wp-block-image size-large\"><a href=\"http:\/\/rocksigniert.de\/wp-content\/uploads\/2021\/09\/20210908_173233-scaled.jpg\"><img loading=\"lazy\" decoding=\"async\" width=\"1024\" height=\"768\" data-id=\"1327\" src=\"http:\/\/rocksigniert.de\/wp-content\/uploads\/2021\/09\/20210908_173233-1024x768.jpg\" alt=\"\" class=\"wp-image-1327\" srcset=\"http:\/\/rocksigniert.de\/wp-content\/uploads\/2021\/09\/20210908_173233-1024x768.jpg 1024w, http:\/\/rocksigniert.de\/wp-content\/uploads\/2021\/09\/20210908_173233-300x225.jpg 300w, http:\/\/rocksigniert.de\/wp-content\/uploads\/2021\/09\/20210908_173233-768x576.jpg 768w, http:\/\/rocksigniert.de\/wp-content\/uploads\/2021\/09\/20210908_173233-1536x1152.jpg 1536w, http:\/\/rocksigniert.de\/wp-content\/uploads\/2021\/09\/20210908_173233-2048x1536.jpg 2048w\" sizes=\"auto, (max-width: 1024px) 100vw, 1024px\" \/><\/a><\/figure>\n\n\n\n<figure class=\"wp-block-image size-large\"><a href=\"http:\/\/rocksigniert.de\/wp-content\/uploads\/2021\/09\/20210908_180836-scaled.jpg\"><img loading=\"lazy\" decoding=\"async\" width=\"656\" height=\"1024\" data-id=\"1329\" src=\"http:\/\/rocksigniert.de\/wp-content\/uploads\/2021\/09\/20210908_180836-656x1024.jpg\" alt=\"\" class=\"wp-image-1329\" srcset=\"http:\/\/rocksigniert.de\/wp-content\/uploads\/2021\/09\/20210908_180836-656x1024.jpg 656w, http:\/\/rocksigniert.de\/wp-content\/uploads\/2021\/09\/20210908_180836-192x300.jpg 192w, http:\/\/rocksigniert.de\/wp-content\/uploads\/2021\/09\/20210908_180836-768x1198.jpg 768w, http:\/\/rocksigniert.de\/wp-content\/uploads\/2021\/09\/20210908_180836-984x1536.jpg 984w, http:\/\/rocksigniert.de\/wp-content\/uploads\/2021\/09\/20210908_180836-1313x2048.jpg 1313w, http:\/\/rocksigniert.de\/wp-content\/uploads\/2021\/09\/20210908_180836-scaled.jpg 1641w\" sizes=\"auto, (max-width: 656px) 100vw, 656px\" \/><\/a><\/figure>\n\n\n\n<figure class=\"wp-block-image size-large\"><a href=\"http:\/\/rocksigniert.de\/wp-content\/uploads\/2021\/09\/20210908_180530-scaled.jpg\"><img loading=\"lazy\" decoding=\"async\" width=\"1024\" height=\"768\" data-id=\"1330\" src=\"http:\/\/rocksigniert.de\/wp-content\/uploads\/2021\/09\/20210908_180530-1024x768.jpg\" alt=\"\" class=\"wp-image-1330\" srcset=\"http:\/\/rocksigniert.de\/wp-content\/uploads\/2021\/09\/20210908_180530-1024x768.jpg 1024w, http:\/\/rocksigniert.de\/wp-content\/uploads\/2021\/09\/20210908_180530-300x225.jpg 300w, http:\/\/rocksigniert.de\/wp-content\/uploads\/2021\/09\/20210908_180530-768x576.jpg 768w, http:\/\/rocksigniert.de\/wp-content\/uploads\/2021\/09\/20210908_180530-1536x1152.jpg 1536w, http:\/\/rocksigniert.de\/wp-content\/uploads\/2021\/09\/20210908_180530-2048x1536.jpg 2048w\" sizes=\"auto, (max-width: 1024px) 100vw, 1024px\" \/><\/a><\/figure>\n\n\n\n<figure class=\"wp-block-image size-large\"><a href=\"http:\/\/rocksigniert.de\/wp-content\/uploads\/2021\/09\/20210908_180637-scaled.jpg\"><img loading=\"lazy\" decoding=\"async\" width=\"1024\" height=\"768\" data-id=\"1331\" src=\"http:\/\/rocksigniert.de\/wp-content\/uploads\/2021\/09\/20210908_180637-1024x768.jpg\" alt=\"\" class=\"wp-image-1331\" srcset=\"http:\/\/rocksigniert.de\/wp-content\/uploads\/2021\/09\/20210908_180637-1024x768.jpg 1024w, http:\/\/rocksigniert.de\/wp-content\/uploads\/2021\/09\/20210908_180637-300x225.jpg 300w, http:\/\/rocksigniert.de\/wp-content\/uploads\/2021\/09\/20210908_180637-768x576.jpg 768w, http:\/\/rocksigniert.de\/wp-content\/uploads\/2021\/09\/20210908_180637-1536x1152.jpg 1536w, http:\/\/rocksigniert.de\/wp-content\/uploads\/2021\/09\/20210908_180637-2048x1536.jpg 2048w\" sizes=\"auto, (max-width: 1024px) 100vw, 1024px\" \/><\/a><\/figure>\n\n\n\n<figure class=\"wp-block-image size-large\"><a href=\"http:\/\/rocksigniert.de\/wp-content\/uploads\/2021\/09\/20210908_180841-scaled.jpg\"><img loading=\"lazy\" decoding=\"async\" width=\"768\" height=\"1024\" data-id=\"1332\" src=\"http:\/\/rocksigniert.de\/wp-content\/uploads\/2021\/09\/20210908_180841-768x1024.jpg\" alt=\"\" class=\"wp-image-1332\" srcset=\"http:\/\/rocksigniert.de\/wp-content\/uploads\/2021\/09\/20210908_180841-768x1024.jpg 768w, http:\/\/rocksigniert.de\/wp-content\/uploads\/2021\/09\/20210908_180841-225x300.jpg 225w, http:\/\/rocksigniert.de\/wp-content\/uploads\/2021\/09\/20210908_180841-1152x1536.jpg 1152w, http:\/\/rocksigniert.de\/wp-content\/uploads\/2021\/09\/20210908_180841-1536x2048.jpg 1536w, http:\/\/rocksigniert.de\/wp-content\/uploads\/2021\/09\/20210908_180841-scaled.jpg 1920w\" sizes=\"auto, (max-width: 768px) 100vw, 768px\" \/><\/a><\/figure>\n\n\n\n<figure class=\"wp-block-image size-large\"><a href=\"http:\/\/rocksigniert.de\/wp-content\/uploads\/2021\/09\/Copyright-Andreas-H-Birkigt-5700-scaled.jpg\"><img loading=\"lazy\" decoding=\"async\" width=\"1024\" height=\"681\" data-id=\"1333\" src=\"http:\/\/rocksigniert.de\/wp-content\/uploads\/2021\/09\/Copyright-Andreas-H-Birkigt-5700-1024x681.jpg\" alt=\"\" class=\"wp-image-1333\" srcset=\"http:\/\/rocksigniert.de\/wp-content\/uploads\/2021\/09\/Copyright-Andreas-H-Birkigt-5700-1024x681.jpg 1024w, http:\/\/rocksigniert.de\/wp-content\/uploads\/2021\/09\/Copyright-Andreas-H-Birkigt-5700-300x200.jpg 300w, http:\/\/rocksigniert.de\/wp-content\/uploads\/2021\/09\/Copyright-Andreas-H-Birkigt-5700-768x511.jpg 768w, http:\/\/rocksigniert.de\/wp-content\/uploads\/2021\/09\/Copyright-Andreas-H-Birkigt-5700-1536x1022.jpg 1536w, http:\/\/rocksigniert.de\/wp-content\/uploads\/2021\/09\/Copyright-Andreas-H-Birkigt-5700-2048x1363.jpg 2048w\" sizes=\"auto, (max-width: 1024px) 100vw, 1024px\" \/><\/a><\/figure>\n\n\n\n<figure class=\"wp-block-image size-large\"><a href=\"http:\/\/rocksigniert.de\/wp-content\/uploads\/2021\/09\/20210908_173352-scaled.jpg\"><img loading=\"lazy\" decoding=\"async\" width=\"1024\" height=\"768\" data-id=\"1334\" src=\"http:\/\/rocksigniert.de\/wp-content\/uploads\/2021\/09\/20210908_173352-1024x768.jpg\" alt=\"\" class=\"wp-image-1334\" srcset=\"http:\/\/rocksigniert.de\/wp-content\/uploads\/2021\/09\/20210908_173352-1024x768.jpg 1024w, http:\/\/rocksigniert.de\/wp-content\/uploads\/2021\/09\/20210908_173352-300x225.jpg 300w, http:\/\/rocksigniert.de\/wp-content\/uploads\/2021\/09\/20210908_173352-768x576.jpg 768w, http:\/\/rocksigniert.de\/wp-content\/uploads\/2021\/09\/20210908_173352-1536x1152.jpg 1536w, http:\/\/rocksigniert.de\/wp-content\/uploads\/2021\/09\/20210908_173352-2048x1536.jpg 2048w\" sizes=\"auto, (max-width: 1024px) 100vw, 1024px\" \/><\/a><\/figure>\n\n\n\n<figure class=\"wp-block-image size-large\"><a href=\"http:\/\/rocksigniert.de\/wp-content\/uploads\/2021\/09\/20210908_180819-scaled.jpg\"><img loading=\"lazy\" decoding=\"async\" width=\"1024\" height=\"768\" data-id=\"1337\" src=\"http:\/\/rocksigniert.de\/wp-content\/uploads\/2021\/09\/20210908_180819-1024x768.jpg\" alt=\"\" class=\"wp-image-1337\" srcset=\"http:\/\/rocksigniert.de\/wp-content\/uploads\/2021\/09\/20210908_180819-1024x768.jpg 1024w, http:\/\/rocksigniert.de\/wp-content\/uploads\/2021\/09\/20210908_180819-300x225.jpg 300w, http:\/\/rocksigniert.de\/wp-content\/uploads\/2021\/09\/20210908_180819-768x576.jpg 768w, http:\/\/rocksigniert.de\/wp-content\/uploads\/2021\/09\/20210908_180819-1536x1152.jpg 1536w, http:\/\/rocksigniert.de\/wp-content\/uploads\/2021\/09\/20210908_180819-2048x1536.jpg 2048w\" sizes=\"auto, (max-width: 1024px) 100vw, 1024px\" \/><\/a><\/figure>\n<\/figure>\n\n\n\n<p>Vernissage: 05.09.2021, 15 Uhr<br>Ge\u00f6ffnet: t\u00e4glich 15 bis 18 Uhr<br>Die Ausstellung findet unter den derzeit geltenden Corona-Richtlinien statt (3G). Vor Ort keine Testm\u00f6glichkeit.<\/p>\n\n\n\n<p><\/p>\n\n\n\n<p><\/p>\n","protected":false},"excerpt":{"rendered":"<p>N\u00e4chste Ausstellung Art Kapella SchkeuditzTeichstra\u00dfe 7, 04435 Schkeuditz19.04. bis 31.05.2026 \u2014&nbsp;05. bis 12. September&nbsp;2021 AUENGALERIEim&nbsp;Marstall L\u00fctzschena Vernissage: 05.09.2021, 15 UhrGe\u00f6ffnet: t\u00e4glich 15 bis 18 UhrDie Ausstellung findet unter den derzeit geltenden Corona-Richtlinien statt (3G). Vor Ort keine Testm\u00f6glichkeit.<\/p>\n","protected":false},"author":1,"featured_media":0,"parent":0,"menu_order":0,"comment_status":"closed","ping_status":"closed","template":"","meta":{"footnotes":""},"class_list":["post-84","page","type-page","status-publish","hentry"],"_links":{"self":[{"href":"http:\/\/rocksigniert.de\/index.php?rest_route=\/wp\/v2\/pages\/84","targetHints":{"allow":["GET"]}}],"collection":[{"href":"http:\/\/rocksigniert.de\/index.php?rest_route=\/wp\/v2\/pages"}],"about":[{"href":"http:\/\/rocksigniert.de\/index.php?rest_route=\/wp\/v2\/types\/page"}],"author":[{"embeddable":true,"href":"http:\/\/rocksigniert.de\/index.php?rest_route=\/wp\/v2\/users\/1"}],"replies":[{"embeddable":true,"href":"http:\/\/rocksigniert.de\/index.php?rest_route=%2Fwp%2Fv2%2Fcomments&post=84"}],"version-history":[{"count":11,"href":"http:\/\/rocksigniert.de\/index.php?rest_route=\/wp\/v2\/pages\/84\/revisions"}],"predecessor-version":[{"id":1381,"href":"http:\/\/rocksigniert.de\/index.php?rest_route=\/wp\/v2\/pages\/84\/revisions\/1381"}],"wp:attachment":[{"href":"http:\/\/rocksigniert.de\/index.php?rest_route=%2Fwp%2Fv2%2Fmedia&parent=84"}],"curies":[{"name":"wp","href":"https:\/\/api.w.org\/{rel}","templated":true}]}}