{"id":896,"date":"2020-07-13T09:27:20","date_gmt":"2020-07-13T09:27:20","guid":{"rendered":"http:\/\/rocksigniert.de\/?page_id=896"},"modified":"2023-08-13T10:16:52","modified_gmt":"2023-08-13T10:16:52","slug":"impressum","status":"publish","type":"page","link":"http:\/\/rocksigniert.de\/?page_id=896","title":{"rendered":"Impressum"},"content":{"rendered":"\n<p>Webmaster:<br>Carola Mocker<br>04158 Leipzig, \u00c4u\u00dfere Raustra\u00dfe 22 a<br>Tel. 0177\/4245930<\/p>\n\n\n\n<p>Inhaber: Andreas Mocker<br>Vertreten durch:\u00a0Carola Mocker<br>Umsatzsteuer-Identifikationsnummer:\u00a0DE257344254<\/p>\n\n\n\n<p><\/p>\n\n\n\n<p>F\u00fcr allgemeine Informationen und Kaufanfragen nutzen Sie bitte info@rocksigniert.de<\/p>\n","protected":false},"excerpt":{"rendered":"<p>Webmaster:Carola Mocker04158 Leipzig, \u00c4u\u00dfere Raustra\u00dfe 22 aTel. 0177\/4245930 Inhaber: Andreas MockerVertreten durch:\u00a0Carola MockerUmsatzsteuer-Identifikationsnummer:\u00a0DE257344254 F\u00fcr allgemeine Informationen und Kaufanfragen nutzen Sie bitte info@rocksigniert.de<\/p>\n","protected":false},"author":1,"featured_media":0,"parent":0,"menu_order":0,"comment_status":"closed","ping_status":"closed","template":"","meta":{"footnotes":""},"class_list":["post-896","page","type-page","status-publish","hentry"],"_links":{"self":[{"href":"http:\/\/rocksigniert.de\/index.php?rest_route=\/wp\/v2\/pages\/896","targetHints":{"allow":["GET"]}}],"collection":[{"href":"http:\/\/rocksigniert.de\/index.php?rest_route=\/wp\/v2\/pages"}],"about":[{"href":"http:\/\/rocksigniert.de\/index.php?rest_route=\/wp\/v2\/types\/page"}],"author":[{"embeddable":true,"href":"http:\/\/rocksigniert.de\/index.php?rest_route=\/wp\/v2\/users\/1"}],"replies":[{"embeddable":true,"href":"http:\/\/rocksigniert.de\/index.php?rest_route=%2Fwp%2Fv2%2Fcomments&post=896"}],"version-history":[{"count":7,"href":"http:\/\/rocksigniert.de\/index.php?rest_route=\/wp\/v2\/pages\/896\/revisions"}],"predecessor-version":[{"id":1357,"href":"http:\/\/rocksigniert.de\/index.php?rest_route=\/wp\/v2\/pages\/896\/revisions\/1357"}],"wp:attachment":[{"href":"http:\/\/rocksigniert.de\/index.php?rest_route=%2Fwp%2Fv2%2Fmedia&parent=896"}],"curies":[{"name":"wp","href":"https:\/\/api.w.org\/{rel}","templated":true}]}}