{"id":909,"date":"2021-01-05T16:00:49","date_gmt":"2021-01-05T16:00:49","guid":{"rendered":"http:\/\/rocksigniert.de\/?page_id=909"},"modified":"2021-12-28T17:14:00","modified_gmt":"2021-12-28T17:14:00","slug":"biografie-2","status":"publish","type":"page","link":"http:\/\/rocksigniert.de\/?page_id=909","title":{"rendered":"Biografie"},"content":{"rendered":"\n<h2 class=\"wp-block-heading\">Andreas Mocker<\/h2>\n\n\n\n<div class=\"wp-block-media-text alignwide has-media-on-the-right is-stacked-on-mobile\" style=\"grid-template-columns:auto 32%\"><figure class=\"wp-block-media-text__media\"><img loading=\"lazy\" decoding=\"async\" width=\"844\" height=\"1004\" src=\"http:\/\/rocksigniert.de\/wp-content\/uploads\/2019\/05\/MockerAndreas.jpg\" alt=\"\" class=\"wp-image-38 size-full\" srcset=\"http:\/\/rocksigniert.de\/wp-content\/uploads\/2019\/05\/MockerAndreas.jpg 844w, http:\/\/rocksigniert.de\/wp-content\/uploads\/2019\/05\/MockerAndreas-252x300.jpg 252w, http:\/\/rocksigniert.de\/wp-content\/uploads\/2019\/05\/MockerAndreas-768x914.jpg 768w\" sizes=\"auto, (max-width: 844px) 100vw, 844px\" \/><\/figure><div class=\"wp-block-media-text__content\">\n<p>1953 in Leipzig geboren<br>1972 Abitur<br>in der Schulzeit erste Zeichnungen und Radierungen<br>1974\u00a0Lehre als Schriftsetzer<br>1990 Ausbildung zum Drucker<br>1991 bis 2015<br>besch\u00e4ftigt als Schichtleiter in der Druckerei der Leipziger Verlags- und Druckereigesellschaft mbH &amp; Co. KG<br>seit 2016 Ruhestand<br><\/p>\n<\/div><\/div>\n\n\n\n<p>Es sind zwei Talente, die er zu bedienen hat: die Malerei und die Musik. Allen Einfl\u00fcssen des t\u00e4glichen Lebens gegen\u00fcber offen zu sein, egal welcher Natur sie sind, ist ein Grundsatz, aus dem sich sein Interesse f\u00fcr die verschiedensten Bereiche der Kunst entwickelt hat. Daraus resultiert schon fr\u00fch seine Freude an immer neuen, eigenen Versuchen in der Malerei und im Musizieren.<br> In der Malerei haben sich zwei unterschiedliche Genres herausgebildet: Da sind zum einen Stilleben und Landschaften in der \u00d6lmalerei, deren Anf\u00e4nge bis in seine Lehrzeit zur\u00fcckgehen, zum anderen Portraits von popul\u00e4ren Musikern der Rock-, Blues- und Jazzszene, beginnend in den neunziger Jahren. Eine Rarit\u00e4t, wenn es ihm gelungen ist, ein Autogramm der Prominenten auf das Original zu erhalten. Obwohl seine berufliche T\u00e4tigkeit den gr\u00f6\u00dften Teil seiner Zeit in Anspruch nimmt, und auch die Familie ihren Tribut fordert, wei\u00df er: Wenn sich nach Fertigstellung eines Bildes oder eines Liedes dieses angenehme Gef\u00fchl der Zufriedenheit einstellt, dann hat sich der Zeitaufwand gelohnt.<\/p>\n\n\n\n<p><strong>bisherige Ausstellungen<\/strong><\/p>\n\n\n\n<p>1994\u00a0\u00a0 \u00a0 \u00a0 \u00a0      \u00a0\u00a0 Landschaftsbilder und Stilleben, Salon ,,Groschopp\u201d;<br>1997                 Rock-Portr\u00e4ts, Friedenskirche Gohlis; <br>2003                  jeweils Ausstellungen in der Auengalerie L\u00fctzschena<br>2018                  mit Rock-Portr\u00e4ts, Landschaften und Stillleben; <br>2005\/2014   \u00a0 Schlo\u00dfkirche Panitzsch; <br>2006\/2013 \u00a0   Schlo\u00df Altranst\u00e4dt; <br>2006 \u00a0 \u00a0 \u00a0\u00a0\u00a0 \u00a0       Auwaldstation L\u00fctzschena; <br>2007 \u00a0 \u00a0 \u00a0 \u00a0       \u00a0 ,,Cafe esprit\u201d Taucha, ,,memories in rock I\u201d; <br>2007 \u00a0 \u00a0 \u00a0       \u00a0 \u00a0 Galerie \u201cKugel\u201d Naunhof; Rathaus Wiederitzsch; <br>2007\u00a0\u00a0 \u00a0\u00a0 \u00a0\u00a0       \u00a0 ,,Runde Ecke ,,Kunst im Lesesaal\u201d; <br>2008\u00a0\u00a0 \u00a0 \u00a0       \u00a0 \u00a0 IHK Leipzig; ,,Cafe esprit\u201d Taucha,<br>                              ,,memories in rock II\u201d; T\u00dcV Stahmeln; <br>2008\u00a0\u00a0       \u00a0 \u00a0 \u00a0 \u00a0 Berlitz Sprachschule Leipzig, <br>2009\u00a0      \u00a0 \u00a0 \u00a0 \u00a0 \u00a0 ,,Cafe esprit\u201d Taucha, ,,memories in rock III\u201d. <br>2009 \u00a0 \u00a0 \u00a0      \u00a0 \u00a0 Rockportr\u00e4ts ,,Pension Sonnenschein\u201d Leipzig <br>2009 \u00a0 \u00a0 \u00a0     \u00a0 \u00a0\u00a0 ,,Cafe esprit\u201d Taucha, ,,memories in rock III\u201d. <br>2010 \u00a0      \u00a0  \u00a0 \u00a0\u00a0 Westphalsches Haus (mit L\u00fctzschenaer K\u00fcnstlerkreis); <br>2010\u00a0 \u00a0      \u00a0 \u00a0 \u00a0 ,,Nacht der Kunst\u201d Pittlerstra\u00dfe\/Wahren <br>2010\u00a0 \u00a0      \u00a0 \u00a0 \u00a0 ,,St. Nicolai Cottbus\u201d Rockportr\u00e4ts;<br>2012 \u00a0 \u00a0 \u00a0     \u00a0 \u00a0 Art Kapella ,,R\u00fcckblick\u201d;<br>2013 \u00a0 \u00a0 \u00a0     \u00a0\u00a0 Portr\u00e4ts und Stillleben bei ,,Cherier\u201d <br>2015 \u00a0 \u00a0 \u00a0\u00a0     \u00a0 Art Kapella, Gemeinschaftsausstellung<br>                         mit L\u00fctzschenaer K\u00fcnstlerkreis<br>2015 \u00a0 \u00a0 \u00a0\u00a0 \u00a0     Klosterkirche Grimma \u201eArt of Rock\u201c<br>2016 \u00a0     \u00a0 \u00a0\u00a0 \u00a0 Klosterkirche Grimma Landschaften\/Stillleben<br>2016              Eiscaf\u00e9 Glowka<br>2016              Nacht der Kunst<br>2018              Art Kapella Schkeuditz<br>2018              Kurhaus Bienitz<br>2018              Kulturhaus B\u00f6hlen<br>2018              Deutsche Bank Schkeuditz<br>2021              Lehmhausgalerie Zwenkau<\/p>\n","protected":false},"excerpt":{"rendered":"<p>Andreas Mocker 1953 in Leipzig geboren1972 Abiturin der Schulzeit erste Zeichnungen und Radierungen1974\u00a0Lehre als Schriftsetzer1990 Ausbildung zum Drucker1991 bis 2015besch\u00e4ftigt als Schichtleiter in der Druckerei der Leipziger Verlags- und Druckereigesellschaft mbH &amp; Co. KGseit 2016 Ruhestand Es sind zwei Talente, die er zu bedienen hat: die Malerei und die Musik. Allen Einfl\u00fcssen des t\u00e4glichen Lebens gegen\u00fcber offen zu sein, egal welcher Natur sie sind, ist ein Grundsatz, aus dem sich sein Interesse f\u00fcr die verschiedensten Bereiche der Kunst entwickelt hat.<\/p>\n","protected":false},"author":1,"featured_media":0,"parent":0,"menu_order":0,"comment_status":"closed","ping_status":"closed","template":"","meta":{"footnotes":""},"class_list":["post-909","page","type-page","status-publish","hentry"],"_links":{"self":[{"href":"http:\/\/rocksigniert.de\/index.php?rest_route=\/wp\/v2\/pages\/909","targetHints":{"allow":["GET"]}}],"collection":[{"href":"http:\/\/rocksigniert.de\/index.php?rest_route=\/wp\/v2\/pages"}],"about":[{"href":"http:\/\/rocksigniert.de\/index.php?rest_route=\/wp\/v2\/types\/page"}],"author":[{"embeddable":true,"href":"http:\/\/rocksigniert.de\/index.php?rest_route=\/wp\/v2\/users\/1"}],"replies":[{"embeddable":true,"href":"http:\/\/rocksigniert.de\/index.php?rest_route=%2Fwp%2Fv2%2Fcomments&post=909"}],"version-history":[{"count":6,"href":"http:\/\/rocksigniert.de\/index.php?rest_route=\/wp\/v2\/pages\/909\/revisions"}],"predecessor-version":[{"id":1346,"href":"http:\/\/rocksigniert.de\/index.php?rest_route=\/wp\/v2\/pages\/909\/revisions\/1346"}],"wp:attachment":[{"href":"http:\/\/rocksigniert.de\/index.php?rest_route=%2Fwp%2Fv2%2Fmedia&parent=909"}],"curies":[{"name":"wp","href":"https:\/\/api.w.org\/{rel}","templated":true}]}}